{"id":2639,"date":"2019-10-03T17:04:29","date_gmt":"2019-10-03T15:04:29","guid":{"rendered":"https:\/\/staging-biblio.appmanufacture.ch\/?page_id=2639"},"modified":"2022-09-20T10:52:11","modified_gmt":"2022-09-20T08:52:11","slug":"bestellung-historischer-bestaende","status":"publish","type":"page","link":"https:\/\/staging-biblio.appmanufacture.ch\/?page_id=2639","title":{"rendered":"Bestellung historischer Best\u00e4nde"},"content":{"rendered":"<p>[et_pb_section fb_built=&#8220;1&#8243; fullwidth=&#8220;on&#8220; admin_label=&#8220;Titelsektion&#8220; _builder_version=&#8220;4.16&#8243; collapsed=&#8220;off&#8220; global_colors_info=&#8220;{}&#8220;][et_pb_fullwidth_image _builder_version=&#8220;4.16&#8243; background_image=&#8220;https:\/\/staging-biblio.appmanufacture.ch\/wp-content\/uploads\/2019\/07\/stadtbibliothek-parallax.jpg&#8220; min_height=&#8220;380px&#8220; global_colors_info=&#8220;{}&#8220;][\/et_pb_fullwidth_image][et_pb_fullwidth_post_title meta=&#8220;off&#8220; featured_image=&#8220;off&#8220; _builder_version=&#8220;4.16&#8243; title_level=&#8220;h2&#8243; title_font=&#8220;|300|||||||&#8220; title_text_align=&#8220;center&#8220; title_text_color=&#8220;#000000&#8243; title_font_size=&#8220;32px&#8220; background_color=&#8220;rgba(246,244,238,0.88)&#8220; custom_margin=&#8220;-66px||||false&#8220; custom_padding=&#8220;12px||12px|&#8220; global_colors_info=&#8220;{}&#8220;][\/et_pb_fullwidth_post_title][\/et_pb_section][et_pb_section fb_built=&#8220;1&#8243; admin_label=&#8220;Kooperationen&#8220; module_id=&#8220;kooperationen&#8220; _builder_version=&#8220;4.16&#8243; collapsed=&#8220;off&#8220; global_colors_info=&#8220;{}&#8220;][et_pb_row column_structure=&#8220;1_5,3_5,1_5&#8243; _builder_version=&#8220;4.16&#8243; global_colors_info=&#8220;{}&#8220;][et_pb_column type=&#8220;1_5&#8243; _builder_version=&#8220;4.16&#8243; global_colors_info=&#8220;{}&#8220;][\/et_pb_column][et_pb_column type=&#8220;3_5&#8243; _builder_version=&#8220;4.16&#8243; global_colors_info=&#8220;{}&#8220;][et_pb_text disabled_on=&#8220;off|off|off&#8220; _builder_version=&#8220;4.16&#8243; global_colors_info=&#8220;{}&#8220;]<\/p>\n<div id=\"c168\" class=\"csc-default\">\n<p class=\"bodytext\">G\u00fcltig f\u00fcr Handschriften, Inkunabeln, alte Drucke, handschriftliche Nachl\u00e4sse, B\u00fccher vor 1800, gebundene Zeitungen sowie alte Landkarten.<br \/>Sie erhalten per Mail eine Kopie Ihrer Anfrage sowie eine Best\u00e4tigung bzw. R\u00fcckmeldung durch die Bibliothek.<\/p>\n<p class=\"bodytext\">Bitte geben Sie eine korrekte E-Mail Adresse an, damit der Bestellvorgang abgewickelt werden kann.<\/p>\n<p><em>Valid for manuscripts, incunabula, old prints, handwritten estates, books before 1800, bound newspapers and old maps.<\/em><br \/><em>You will receive a copy of your request by e-mail and a confirmation or feedback from the library.<\/em><\/p>\n<p><em>Please enter a correct e-mail address in order to complete the process.<\/em><\/p>\n<\/div>\n<p>[\/et_pb_text][et_pb_contact_form email=&#8220;bibliothek@stsh.ch&#8220; custom_message=&#8220;Bestellung historischer Best\u00e4nde||et_pb_line_break_holder||||et_pb_line_break_holder||Name: %%name%%||et_pb_line_break_holder||Benutzernummer: %%benutzernummer%%||et_pb_line_break_holder||Adresse: %%adresse%%||et_pb_line_break_holder||Telefonnummer: %%tel%%||et_pb_line_break_holder||E-Mail: %%email%%||et_pb_line_break_holder||Termin: %%termin%%||et_pb_line_break_holder||Uhrzeit: %%uhrzeit%%||et_pb_line_break_holder||Autor(en): %%autor%%||et_pb_line_break_holder||Titel: %%titel%%||et_pb_line_break_holder||Signatur(en): %%signatur%%||et_pb_line_break_holder||Ort, Erscheinungsjahr: %%ort_jahr%%||et_pb_line_break_holder|| ||et_pb_line_break_holder||Nachricht:||et_pb_line_break_holder|| ||et_pb_line_break_holder||%%message%%||et_pb_line_break_holder||||et_pb_line_break_holder||Bestimmungen: %%bestimmungen%%&#8220; success_message=&#8220;Besten Dank f\u00fcr Ihre Anfrage. Sie erhalten demn\u00e4chst eine R\u00fcckmeldung. \/ Thank you very much for your inquiry. You will receive a response shortly.&#8220; submit_button_text=&#8220;Bestellung abschicken \/ send request&#8220; disabled_on=&#8220;off|off|off&#8220; admin_label=&#8220;Kontaktformular&#8220; _builder_version=&#8220;4.18.0&#8243; _unique_id=&#8220;f5a00749-3a6d-4ae3-ae94-436a3eca169d&#8220; form_field_background_color=&#8220;RGBA(255,255,255,0)&#8220; captcha_font=&#8220;||||||||&#8220; form_field_font=&#8220;||||||||&#8220; global_colors_info=&#8220;{}&#8220;][et_pb_contact_field field_id=&#8220;name&#8220; field_title=&#8220;Name*&#8220; fullwidth_field=&#8220;on&#8220; _builder_version=&#8220;4.18.0&#8243; form_field_background_color=&#8220;RGBA(255,255,255,0)&#8220; global_colors_info=&#8220;{}&#8220;][\/et_pb_contact_field][et_pb_contact_field field_id=&#8220;benutzernummer&#8220; field_title=&#8220;Benutzernummer \/ customer ID&#8220; required_mark=&#8220;off&#8220; fullwidth_field=&#8220;on&#8220; _builder_version=&#8220;4.18.0&#8243; form_field_background_color=&#8220;RGBA(255,255,255,0)&#8220; global_colors_info=&#8220;{}&#8220;][\/et_pb_contact_field][et_pb_contact_field field_id=&#8220;adresse&#8220; field_title=&#8220;Adresse \/ adress*&#8220; required_mark=&#8220;off&#8220; fullwidth_field=&#8220;on&#8220; _builder_version=&#8220;4.18.0&#8243; form_field_background_color=&#8220;RGBA(255,255,255,0)&#8220; global_colors_info=&#8220;{}&#8220;][\/et_pb_contact_field][et_pb_contact_field field_id=&#8220;tel&#8220; field_title=&#8220;Tel. f\u00fcr R\u00fcckfragen \/ phone number*&#8220; required_mark=&#8220;off&#8220; fullwidth_field=&#8220;on&#8220; _builder_version=&#8220;4.18.0&#8243; form_field_background_color=&#8220;RGBA(255,255,255,0)&#8220; global_colors_info=&#8220;{}&#8220;][\/et_pb_contact_field][et_pb_contact_field field_id=&#8220;Email&#8220; field_title=&#8220;E-Mail*&#8220; field_type=&#8220;email&#8220; _builder_version=&#8220;4.18.0&#8243; form_field_background_color=&#8220;RGBA(255,255,255,0)&#8220; global_colors_info=&#8220;{}&#8220; button_text_size__hover_enabled=&#8220;off&#8220; button_one_text_size__hover_enabled=&#8220;off&#8220; button_two_text_size__hover_enabled=&#8220;off&#8220; button_text_color__hover_enabled=&#8220;off&#8220; button_one_text_color__hover_enabled=&#8220;off&#8220; button_two_text_color__hover_enabled=&#8220;off&#8220; button_border_width__hover_enabled=&#8220;off&#8220; button_one_border_width__hover_enabled=&#8220;off&#8220; button_two_border_width__hover_enabled=&#8220;off&#8220; button_border_color__hover_enabled=&#8220;off&#8220; button_one_border_color__hover_enabled=&#8220;off&#8220; button_two_border_color__hover_enabled=&#8220;off&#8220; button_border_radius__hover_enabled=&#8220;off&#8220; button_one_border_radius__hover_enabled=&#8220;off&#8220; button_two_border_radius__hover_enabled=&#8220;off&#8220; button_letter_spacing__hover_enabled=&#8220;off&#8220; button_one_letter_spacing__hover_enabled=&#8220;off&#8220; button_two_letter_spacing__hover_enabled=&#8220;off&#8220; button_bg_color__hover_enabled=&#8220;off&#8220; button_one_bg_color__hover_enabled=&#8220;off&#8220; button_two_bg_color__hover_enabled=&#8220;off&#8220;][\/et_pb_contact_field][et_pb_contact_field field_id=&#8220;termin&#8220; field_title=&#8220;Gew\u00fcnschter Besuchstermin \/ date of visit*&#8220; required_mark=&#8220;off&#8220; fullwidth_field=&#8220;on&#8220; _builder_version=&#8220;4.18.0&#8243; form_field_background_color=&#8220;RGBA(255,255,255,0)&#8220; global_colors_info=&#8220;{}&#8220;][\/et_pb_contact_field][et_pb_contact_field field_id=&#8220;uhrzeit&#8220; field_title=&#8220;Uhrzeit \/ time*&#8220; fullwidth_field=&#8220;on&#8220; _builder_version=&#8220;4.18.0&#8243; form_field_background_color=&#8220;RGBA(255,255,255,0)&#8220; global_colors_info=&#8220;{}&#8220;][\/et_pb_contact_field][et_pb_contact_field field_id=&#8220;autor&#8220; field_title=&#8220;Autor(en) \/ author(s)&#8220; field_type=&#8220;text&#8220; required_mark=&#8220;off&#8220; fullwidth_field=&#8220;on&#8220; _builder_version=&#8220;4.18.0&#8243; form_field_background_color=&#8220;RGBA(255,255,255,0)&#8220; global_colors_info=&#8220;{}&#8220;][\/et_pb_contact_field][et_pb_contact_field field_id=&#8220;titel&#8220; field_title=&#8220;Titel (bis zu drei) \/ titles (up to three)&#8220; field_type=&#8220;text&#8220; fullwidth_field=&#8220;on&#8220; _builder_version=&#8220;4.18.0&#8243; form_field_background_color=&#8220;RGBA(255,255,255,0)&#8220; global_colors_info=&#8220;{}&#8220;][\/et_pb_contact_field][et_pb_contact_field field_id=&#8220;signatur&#8220; field_title=&#8220;Signatur(en) \/ shelf mark(s)&#8220; field_type=&#8220;text&#8220; required_mark=&#8220;off&#8220; fullwidth_field=&#8220;on&#8220; _builder_version=&#8220;4.18.0&#8243; form_field_background_color=&#8220;RGBA(255,255,255,0)&#8220; global_colors_info=&#8220;{}&#8220;][\/et_pb_contact_field][et_pb_contact_field field_id=&#8220;ort_jahr&#8220; field_title=&#8220;Erscheinungsort und -Jahr \/ place and date of publication&#8220; required_mark=&#8220;off&#8220; fullwidth_field=&#8220;on&#8220; _builder_version=&#8220;4.18.0&#8243; form_field_background_color=&#8220;RGBA(255,255,255,0)&#8220; global_colors_info=&#8220;{}&#8220;][\/et_pb_contact_field][et_pb_contact_field field_id=&#8220;message&#8220; field_title=&#8220;Bemerkungen \/ message&#8220; field_type=&#8220;text&#8220; required_mark=&#8220;off&#8220; fullwidth_field=&#8220;on&#8220; _builder_version=&#8220;4.18.0&#8243; form_field_background_color=&#8220;RGBA(255,255,255,0)&#8220; global_colors_info=&#8220;{}&#8220; button_text_size__hover_enabled=&#8220;off&#8220; button_one_text_size__hover_enabled=&#8220;off&#8220; button_two_text_size__hover_enabled=&#8220;off&#8220; button_text_color__hover_enabled=&#8220;off&#8220; button_one_text_color__hover_enabled=&#8220;off&#8220; button_two_text_color__hover_enabled=&#8220;off&#8220; button_border_width__hover_enabled=&#8220;off&#8220; button_one_border_width__hover_enabled=&#8220;off&#8220; button_two_border_width__hover_enabled=&#8220;off&#8220; button_border_color__hover_enabled=&#8220;off&#8220; button_one_border_color__hover_enabled=&#8220;off&#8220; button_two_border_color__hover_enabled=&#8220;off&#8220; button_border_radius__hover_enabled=&#8220;off&#8220; button_one_border_radius__hover_enabled=&#8220;off&#8220; button_two_border_radius__hover_enabled=&#8220;off&#8220; button_letter_spacing__hover_enabled=&#8220;off&#8220; button_one_letter_spacing__hover_enabled=&#8220;off&#8220; button_two_letter_spacing__hover_enabled=&#8220;off&#8220; button_bg_color__hover_enabled=&#8220;off&#8220; button_one_bg_color__hover_enabled=&#8220;off&#8220; button_two_bg_color__hover_enabled=&#8220;off&#8220;][\/et_pb_contact_field][et_pb_contact_field field_id=&#8220;bestimmungen&#8220; field_title=&#8220;Bestimmungen \/ terms of conditions*&#8220; field_type=&#8220;checkbox&#8220; checkbox_options=&#8220;%91{%22value%22:%22Ich best\u00e4tige, von den Benutzungsbestimmungen und Geb\u00fchren der Bibliothek Kenntnis genommen zu haben \/ I confirm that I have taken note of the library&#8217;s terms of use and fees.%22,%22checked%22:0,%22dragID%22:-1}%93&#8243; fullwidth_field=&#8220;on&#8220; _builder_version=&#8220;4.18.0&#8243; form_field_background_color=&#8220;RGBA(255,255,255,0)&#8220; link_option_url=&#8220;https:\/\/staging-biblio.appmanufacture.ch\/wp-content\/uploads\/2019\/07\/Bibliotheken-Schaffhausen_Benutzungsbestimmungen_1804.pdf&#8220; link_option_url_new_window=&#8220;on&#8220; global_colors_info=&#8220;{}&#8220;][\/et_pb_contact_field][\/et_pb_contact_form][et_pb_text disabled_on=&#8220;off|off|off&#8220; _builder_version=&#8220;4.18.0&#8243; global_colors_info=&#8220;{}&#8220;]<\/p>\n<p>Felder mit * m\u00fcssen ausgef\u00fcllt werden \/ fields with * must be filled out<\/p>\n<p>[\/et_pb_text][et_pb_text disabled_on=&#8220;on|on|on&#8220; admin_label=&#8220;Formular deaktiviert&#8220; _builder_version=&#8220;4.16&#8243; disabled=&#8220;on&#8220; global_colors_info=&#8220;{}&#8220;]<\/p>\n<p>Aufgrund der Schliessung der Bibliothek bis und mit 10.5.2020 ist dieses Formular vor\u00fcbergehend deaktiviert.<\/p>\n<p>[\/et_pb_text][\/et_pb_column][et_pb_column type=&#8220;1_5&#8243; _builder_version=&#8220;4.16&#8243; global_colors_info=&#8220;{}&#8220;][\/et_pb_column][\/et_pb_row][\/et_pb_section]<\/p>\n","protected":false},"excerpt":{"rendered":"<p>G\u00fcltig f\u00fcr Handschriften, Inkunabeln, alte Drucke, handschriftliche Nachl\u00e4sse, B\u00fccher vor 1800, gebundene Zeitungen sowie alte Landkarten.Sie erhalten per Mail eine Kopie Ihrer Anfrage sowie eine Best\u00e4tigung bzw. R\u00fcckmeldung durch die [&hellip;]<\/p>\n","protected":false},"author":3,"featured_media":0,"parent":0,"menu_order":0,"comment_status":"closed","ping_status":"closed","template":"","meta":{"_et_pb_use_builder":"on","_et_pb_old_content":"","_et_gb_content_width":""},"ticketed":false,"_links":{"self":[{"href":"https:\/\/staging-biblio.appmanufacture.ch\/index.php?rest_route=\/wp\/v2\/pages\/2639"}],"collection":[{"href":"https:\/\/staging-biblio.appmanufacture.ch\/index.php?rest_route=\/wp\/v2\/pages"}],"about":[{"href":"https:\/\/staging-biblio.appmanufacture.ch\/index.php?rest_route=\/wp\/v2\/types\/page"}],"author":[{"embeddable":true,"href":"https:\/\/staging-biblio.appmanufacture.ch\/index.php?rest_route=\/wp\/v2\/users\/3"}],"replies":[{"embeddable":true,"href":"https:\/\/staging-biblio.appmanufacture.ch\/index.php?rest_route=%2Fwp%2Fv2%2Fcomments&post=2639"}],"version-history":[{"count":31,"href":"https:\/\/staging-biblio.appmanufacture.ch\/index.php?rest_route=\/wp\/v2\/pages\/2639\/revisions"}],"predecessor-version":[{"id":10053,"href":"https:\/\/staging-biblio.appmanufacture.ch\/index.php?rest_route=\/wp\/v2\/pages\/2639\/revisions\/10053"}],"wp:attachment":[{"href":"https:\/\/staging-biblio.appmanufacture.ch\/index.php?rest_route=%2Fwp%2Fv2%2Fmedia&parent=2639"}],"curies":[{"name":"wp","href":"https:\/\/api.w.org\/{rel}","templated":true}]}}