{"id":2920,"date":"2019-10-24T14:45:52","date_gmt":"2019-10-24T12:45:52","guid":{"rendered":"https:\/\/staging-biblio.appmanufacture.ch\/?page_id=2920"},"modified":"2021-01-22T10:41:10","modified_gmt":"2021-01-22T09:41:10","slug":"kammgarn","status":"publish","type":"page","link":"https:\/\/staging-biblio.appmanufacture.ch\/?page_id=2920","title":{"rendered":"Bibliothek Kammgarn"},"content":{"rendered":"<p>[et_pb_section fb_built=&#8220;1&#8243; fullwidth=&#8220;on&#8220; admin_label=&#8220;Titelsektion&#8220; _builder_version=&#8220;3.29.3&#8243; collapsed=&#8220;off&#8220;][et_pb_fullwidth_image admin_label=&#8220;Vollbreites Bild&#8220; _builder_version=&#8220;3.29.3&#8243; background_image=&#8220;https:\/\/staging-biblio.appmanufacture.ch\/wp-content\/uploads\/2019\/10\/STRIPE_190306_KaGa_West_Illu_Biblio_Bar.jpg&#8220; background_size=&#8220;initial&#8220; min_height=&#8220;380px&#8220;][\/et_pb_fullwidth_image][et_pb_fullwidth_post_title meta=&#8220;off&#8220; featured_image=&#8220;off&#8220; _builder_version=&#8220;3.25.4&#8243; title_level=&#8220;h2&#8243; title_font=&#8220;|300|||||||&#8220; title_text_align=&#8220;center&#8220; title_text_color=&#8220;#000000&#8243; title_font_size=&#8220;32px&#8220; background_color=&#8220;rgba(246,244,238,0.88)&#8220; custom_margin=&#8220;-66px||||false&#8220; custom_padding=&#8220;12px||12px|&#8220;][\/et_pb_fullwidth_post_title][\/et_pb_section][et_pb_section fb_built=&#8220;1&#8243; admin_label=&#8220;Ausgangslage&#8220; _builder_version=&#8220;3.25.4&#8243; collapsed=&#8220;off&#8220;][et_pb_row column_structure=&#8220;1_2,1_2&#8243; _builder_version=&#8220;3.25&#8243;][et_pb_column type=&#8220;1_2&#8243; _builder_version=&#8220;3.25&#8243; custom_padding=&#8220;|||&#8220; custom_padding__hover=&#8220;|||&#8220;][et_pb_text admin_label=&#8220;Titel&#8220; _builder_version=&#8220;3.29.3&#8243;]<\/p>\n<h1>Ausgangslage<\/h1>\n<p>[\/et_pb_text][et_pb_text _builder_version=&#8220;3.29.3&#8243;]<\/p>\n<p>Die Bibliotheken Schaffhausen sind sehr erfolgreich &#8211; stetig steigende Ausleihzahlen, gut belegte Lesepl\u00e4tze, vielbesuchte Veranstaltungen und zahlreiche F\u00fchrungen belegen dies.\u00a0 Inzwischen ist die Kapazit\u00e4tsgrenze in der Agnesensch\u00fctte erreicht. Es fehlt an Platz f\u00fcr Medien und Sitzgelegenheiten, die Nutzungen kommen sich in die Quere (z.B. ruhiges Lesen und muntere Kinderf\u00fchrungen).\u00a0Dazu kommt der Zustand des 1986 als Provisorium bezogenen Geb\u00e4udes. Ein\u00adrichtung und Mobiliar (Bodenbelag, Regale) sind veraltet, limitiert oder abgenutzt, ebenso die technische Infrastruktur (Hei\u00adzung, Lift, Strom- und Netzwerkanschl\u00fcsse).<\/p>\n<p>[\/et_pb_text][et_pb_gallery gallery_ids=&#8220;3023,3079&#8243; show_title_and_caption=&#8220;off&#8220; show_pagination=&#8220;off&#8220; _builder_version=&#8220;4.4.8&#8243;][\/et_pb_gallery][\/et_pb_column][et_pb_column type=&#8220;1_2&#8243; _builder_version=&#8220;3.25&#8243; custom_padding=&#8220;|||&#8220; custom_padding__hover=&#8220;|||&#8220;][et_pb_text admin_label=&#8220;Text blank&#8220; _builder_version=&#8220;3.29.3&#8243;]<\/p>\n<h1>\u00a0<\/h1>\n<p>[\/et_pb_text][et_pb_text _builder_version=&#8220;3.29.3&#8243;]<\/p>\n<p>Seit 2016 ist der Estrich feuerpolizeilich geschlossen. Deshalb musste die Ludothek aus der Agnesensch\u00fctte bedauerlicherweise ausziehen. Eine weitere Versch\u00e4rfung der feuerpolizeilichen Vorschriften w\u00fcrde grosse Investitionen und einen gravierenden Platzverlust bedeuten (z.B. Einglasung Treppe).<br \/><em>Fazit:<\/em> Die heute erfolgreiche Bibliothek st\u00f6sst an ihre Kapazit\u00e4tsgrenzen. Die heutigen Anforderungen an eine Bibliothek als lebendiger Ort des Lernens und Austauschs k\u00f6nnen in der Agnesensch\u00fctte nicht mehr erf\u00fcllt werden. Die Zukunftsf\u00e4higkeit der Bibliothek steht auf dem Spiel.<\/p>\n<p>[\/et_pb_text][et_pb_text _builder_version=&#8220;4.5.7&#8243;]<\/p>\n<p><em>Projekt &#8222;Entwicklung Kammgarnareal&#8220;: <\/em>Die Stadt Schaffhausen plant den Westfl\u00fcgel des Kammgarnareals zwischen Altstadt und Rhein in Partnerschaft mit dem Kanton und der IWC zu entwickeln. Die entsprechende politische Vorlage hat die Schaffhauser Stimmbev\u00f6lkerung am 30. August 2020 angenommen. Die Bibliothek soll im Kammgarn-Westfl\u00fcgel gemeinsam mit der Ludothek, der P\u00e4dagogischen Hochschule, einem Gastronomieangebot und privatwirtschaftlicher Nutzung einziehen.\u00a0<\/p>\n<p>[\/et_pb_text][\/et_pb_column][\/et_pb_row][\/et_pb_section][et_pb_section fb_built=&#8220;1&#8243; admin_label=&#8220;Bibliotheksentwicklung und Kammgarn&#8220; module_id=&#8220;bibliographie&#8220; _builder_version=&#8220;3.29.3&#8243; background_color=&#8220;#F6F4EE&#8220; collapsed=&#8220;off&#8220;][et_pb_row column_structure=&#8220;1_2,1_2&#8243; _builder_version=&#8220;3.29.3&#8243;][et_pb_column type=&#8220;1_2&#8243; _builder_version=&#8220;3.25&#8243; custom_padding=&#8220;|||&#8220; custom_padding__hover=&#8220;|||&#8220;][et_pb_text admin_label=&#8220;Titel&#8220; _builder_version=&#8220;3.29.3&#8243;]<\/p>\n<h1>Bibliotheksentwicklung und Kammgarn<\/h1>\n<p>[\/et_pb_text][et_pb_text admin_label=&#8220;Text&#8220; _builder_version=&#8220;3.29.3&#8243; text_font=&#8220;||||||||&#8220; header_font=&#8220;||||||||&#8220; header_2_font=&#8220;||||||||&#8220; header_2_text_align=&#8220;center&#8220;]<\/p>\n<p>Eine zukunftssichernde Bibliotheksentwicklung ist nur ausserhalb des heutigen Geb\u00e4udes Agnesensch\u00fctte m\u00f6glich. Drei Bereiche sind hier von besonderer Bedeutung:<\/p>\n<p><em>Medienbestand und -Pr\u00e4sentation<\/em>: Ein hochwertiges, attraktiv pr\u00e4sentiertes Medienangebot hat auch im Zeitalter der Digitalisierung seine volle Berechtigung. In der Kammgarnbibliothek wird f\u00fcr die Pr\u00e4sentation der in etwa gleichen Anzahl B\u00fccher und AV-Medien mehr Raum zur Verf\u00fcgung stehen: Mehr Ausstellfl\u00e4che, mehr Platz zwischen den Gestellen, keine \u00fcberhohen und bodenna\u00adhen Regalbretter.<\/p>\n<p><em>Mobiliar und Haustechnik:<\/em> Regale und M\u00f6bel sind heute leicht und verschiebbar, um eine flexible Raumnutzung zu erm\u00f6glichen. Heizung, Erschliessung, Strom- und Netzwerkanschl\u00fcsse k\u00f6nnen in der Kammgarn auf dem aktuellen Stand der Technik installiert werden.<\/p>\n<p><em>Bibliothek als sozialer Ort: <\/em>Moderne Bibliotheken sind Lern- und Arbeitsorte und immer mehr auch Orte der Begegnung und des Austauschs &#8211; einer der wenigen \u00f6ffentlichen Orte ohne Konsumzwang und Eintrittsh\u00fcr\u00adden, offen f\u00fcr alle Personen guten Willens. Sie werden immer mehr zu wichtigen Begeg\u00adnungs- und Integrationszentren unterschiedlicher Bev\u00f6lkerungsschichten in den St\u00e4dten.<\/p>\n<p>&nbsp;<\/p>\n<p>[\/et_pb_text][\/et_pb_column][et_pb_column type=&#8220;1_2&#8243; _builder_version=&#8220;3.25&#8243; custom_padding=&#8220;|||&#8220; custom_padding__hover=&#8220;|||&#8220;][et_pb_image src=&#8220;https:\/\/staging-biblio.appmanufacture.ch\/wp-content\/uploads\/2019\/10\/190306_KaGa_West_Illu_Biblio_Bar.jpg&#8220; alt=&#8220;Vision Bibliothek \/ (c) Faro Burtscher \/ Eclipse Studios&#8220; title_text=&#8220;(c) Faro Burtscher \/ Eclipse Studios&#8220; show_in_lightbox=&#8220;on&#8220; admin_label=&#8220;(c) Faro Burtscher \/ Eclipse Studios&#8220; _builder_version=&#8220;3.29.3&#8243;][\/et_pb_image][et_pb_text _builder_version=&#8220;4.4.8&#8243;]<\/p>\n<p>In der Kammgarnbibliothek gibt es genug Platz zum Schm\u00f6kern, Lernen, Austauschen und Ausprobieren, gemeinsam oder konzentriert zur\u00fcckgezogen. Flexibel einrichtbare und &#8222;bespielbare&#8220; Zonen auf zwei Stockwerken erm\u00f6glichen ein Nebeneinander dieser unterschiedlichen Bed\u00fcrf\u00adnisse.<\/p>\n<p>[\/et_pb_text][\/et_pb_column][\/et_pb_row][et_pb_row column_structure=&#8220;1_2,1_2&#8243; _builder_version=&#8220;3.29.3&#8243;][et_pb_column type=&#8220;1_2&#8243; _builder_version=&#8220;3.29.3&#8243;][et_pb_gallery gallery_ids=&#8220;3089,3092,3093,3090&#8243; admin_label=&#8220;Galerie_Burtscher_Eclipse&#8220; _builder_version=&#8220;3.29.3&#8243;][\/et_pb_gallery][\/et_pb_column][et_pb_column type=&#8220;1_2&#8243; _builder_version=&#8220;3.29.3&#8243;][et_pb_text _builder_version=&#8220;4.5.7&#8243;]<\/p>\n<p><em>Synergien mit anderen Kammgarn-Nutzern:\u00a0<\/em>Die Bibliothek wird das Areal beleben\u00a0 und profitiert von den Nachbarn und der gemeinsamen Infrastruktur (Gastronomie, Parkpl\u00e4tze, Aussen\u00adfreiraum mit gestaltetem, verkehrsfreiem Platz). Eine besondere N\u00e4he besteht zur P\u00e4dagogischen Hochschule und ihrem Didaktikzentrum als m\u00f6glicher Nachbarin. Aber auch B\u00fcros der Kreativwirtschaft oder &#8222;nomadische&#8220; Pro\u00adjektarbeitende k\u00f6nnen von der Bibliothek und ihrem Angebot profitieren (Medien, Arbeitspl\u00e4tze, WLAN\u2026).<\/p>\n<p><em>Betriebliche Rahmenbedingungen:\u00a0<\/em>Es ist vorgesehen, die Kammgarnbibliothek im Rahmen des bestehenden Budgets zu betreiben. Die Bibliothek ist im Parterre (schnell, aktuell, lebhaft) und 1.OG (ruhig, gem\u00fctlich, konzentriert) untergebracht. Dabei wird die Ludothek wieder Nachbarin der Bibliothek.<br \/>F\u00fcr die Kammgarnbibliothek und Ludothek sind zusammen ungef\u00e4hr 1250 qm. vorgesehen. Die Agnesensch\u00fctte hat heute etwas unter 700 qm. Vergleichbare Neu- oder Umbauten der neueren Zeit haben Fl\u00e4chen von 900 qm. (Rapperswil, 2014), 1250 qm. (Frauenfeld, 2005) 1300 qm. (Radolfzell, 2015) und 1600 qm. (Chur, 2019), Normwerte liegen um die 1500 qm.<\/p>\n<p>Die Stadtbibliothek am M\u00fcnsterplatz ist vom Kammgarn-Projekt nicht unmittelbar betroffen und bleibt der Ort der B\u00fcroarbeitspl\u00e4tze, der \u00e4lteren und historischen Best\u00e4nde und des Kulturg\u00fcterschutzes.<\/p>\n<p>[\/et_pb_text][\/et_pb_column][\/et_pb_row][et_pb_row column_structure=&#8220;1_2,1_2&#8243; _builder_version=&#8220;3.25&#8243;][et_pb_column type=&#8220;1_2&#8243; _builder_version=&#8220;3.25&#8243; custom_padding=&#8220;|||&#8220; custom_padding__hover=&#8220;|||&#8220;][et_pb_text admin_label=&#8220;Titel&#8220; _builder_version=&#8220;4.5.7&#8243; hover_enabled=&#8220;0&#8243; sticky_enabled=&#8220;0&#8243;]<\/p>\n<h1>Beispiele neuer Bibliotheken<\/h1>\n<p>[\/et_pb_text][et_pb_text _builder_version=&#8220;4.8.1&#8243; hover_enabled=&#8220;0&#8243; sticky_enabled=&#8220;0&#8243;]<\/p>\n<p>Viele Grossst\u00e4dte, aber auch kleinere Orte haben in den letzten Jahren in Neubauten oder Umbauten ihrer Bibliotheken investiert. Dies gilt f\u00fcr den Bereich der \u00f6ffentlichen wie der Hochschulbibliotheken. Einige Beispiele:<\/p>\n<ul>\n<li>Leuchtturmprojekte mit gr\u00f6sster Ausstrahlung in der Bibliothekswelt, aber auch in der breiteren Gesell\u00adschaft sind das <a href=\"https:\/\/dokk1.dk\/english\" target=\"_blank\" rel=\"noopener\">Dokk 1 in Aarhus<\/a> (2017), <a href=\"https:\/\/www.oodihelsinki.fi\/en\/\" target=\"_blank\" rel=\"noopener\">Oodi in Helsinki<\/a> (2018) oder seit Kurzem die <a href=\"https:\/\/deichman.no\/bibliotekene\/bj%C3%B8rvika\" target=\"_blank\" rel=\"noopener\">Stadtbibliothek Oslo<\/a> (2020).<\/li>\n<li>Neue schweizerische Realisierungen sind <a href=\"https:\/\/www.bibliochur.ch\/\" target=\"_blank\" rel=\"noopener\">Chur<\/a> (2019) und <a href=\"https:\/\/www.stadtbibliothekbasel.ch\/de\/schmiedenhof.html\" target=\"_blank\" rel=\"noopener\">Basel Schmiedenhof<\/a> (2017). Aber auch kleinere Gemeinden wie Spiez, Gossau SG oder Dietlikon haben in letzter Zeit in ihre Bibliotheken investiert. St. Gallen plant f\u00fcr 2025 einen grossz\u00fcgigen gemeinsamen <a href=\"https:\/\/neuebibliothek.ch\/\" target=\"_blank\" rel=\"noopener\">Neubau<\/a> von Kantons- und Stadtbibliothek.<\/li>\n<li>In der deutschen Nachbarschaft sind Radolfzell (Umbau eines alten Stadtpalais) und Fried\u00adrichshafen (Neubau <a href=\"https:\/\/www.medienhaus-am-see.de\/\" target=\"_blank\" rel=\"noopener\">Medienhaus am See<\/a>) inspirierend. Weiter ist die grossartige Stadtbibliothek Stuttgart am Mail\u00e4nder Platz zu nennen, und in Vorarlberg plant aktuell Dornbirn einen spannenden Neubau.<\/li>\n<\/ul>\n<p>[\/et_pb_text][\/et_pb_column][et_pb_column type=&#8220;1_2&#8243; _builder_version=&#8220;3.25&#8243; custom_padding=&#8220;|||&#8220; custom_padding__hover=&#8220;|||&#8220;][et_pb_gallery gallery_ids=&#8220;2992,2991,2989,3140&#8243; _builder_version=&#8220;3.29.3&#8243;][\/et_pb_gallery][\/et_pb_column][\/et_pb_row][et_pb_row _builder_version=&#8220;3.29.3&#8243;][et_pb_column type=&#8220;4_4&#8243; _builder_version=&#8220;3.29.3&#8243;][et_pb_gallery gallery_ids=&#8220;3034,3029,3025,3026&#8243; _builder_version=&#8220;3.29.3&#8243; hover_enabled=&#8220;0&#8243; sticky_enabled=&#8220;0&#8243;][\/et_pb_gallery][\/et_pb_column][\/et_pb_row][\/et_pb_section][et_pb_section fb_built=&#8220;1&#8243; fullwidth=&#8220;on&#8220; admin_label=&#8220;Bildsektion&#8220; _builder_version=&#8220;3.22.3&#8243; collapsed=&#8220;off&#8220;][et_pb_fullwidth_image admin_label=&#8220;Vollbreites Bild&#8220; _builder_version=&#8220;3.29.3&#8243; background_image=&#8220;https:\/\/staging-biblio.appmanufacture.ch\/wp-content\/uploads\/2019\/10\/STRIPE_190306_KaGa_West_Illu_Sicht_nach_Sueden.jpg&#8220; background_size=&#8220;initial&#8220; min_height=&#8220;400px&#8220; custom_css_main_element=&#8220;background-position: bottom center;&#8220;][\/et_pb_fullwidth_image][\/et_pb_section][et_pb_section fb_built=&#8220;1&#8243; admin_label=&#8220;Weiterf\u00fchrende Links&#8220; module_id=&#8220;autor&#8220; _builder_version=&#8220;3.25.4&#8243; background_color=&#8220;#F6F4EE&#8220; collapsed=&#8220;off&#8220;][et_pb_row _builder_version=&#8220;3.25&#8243;][et_pb_column type=&#8220;4_4&#8243; _builder_version=&#8220;3.25&#8243; custom_padding=&#8220;|||&#8220; custom_padding__hover=&#8220;|||&#8220;][et_pb_text admin_label=&#8220;Weiterf\u00fchrende Links&#8220; _builder_version=&#8220;3.29.3&#8243; hover_enabled=&#8220;0&#8243; sticky_enabled=&#8220;0&#8243;]<\/p>\n<h1>Weiterf\u00fchrende Links<\/h1>\n<p>[\/et_pb_text][\/et_pb_column][\/et_pb_row][et_pb_row column_structure=&#8220;1_2,1_2&#8243; _builder_version=&#8220;3.25&#8243;][et_pb_column type=&#8220;1_2&#8243; _builder_version=&#8220;3.25&#8243; custom_padding=&#8220;|||&#8220; custom_padding__hover=&#8220;|||&#8220;][et_pb_image src=&#8220;https:\/\/staging-biblio.appmanufacture.ch\/wp-content\/uploads\/2019\/10\/1280px-Central_Library_Oodi_in_Helsinki_04.jpg&#8220; show_in_lightbox=&#8220;on&#8220; align_tablet=&#8220;center&#8220; align_phone=&#8220;&#8220; align_last_edited=&#8220;on|desktop&#8220; _builder_version=&#8220;3.29.3&#8243;][\/et_pb_image][\/et_pb_column][et_pb_column type=&#8220;1_2&#8243; _builder_version=&#8220;3.25&#8243; custom_padding=&#8220;|||&#8220; custom_padding__hover=&#8220;|||&#8220;][et_pb_text _builder_version=&#8220;4.8.1&#8243; hover_enabled=&#8220;0&#8243; sticky_enabled=&#8220;0&#8243;]<\/p>\n<p><a href=\"https:\/\/dokk1.dk\/english\/library\" target=\"_blank\" rel=\"noopener\">Dokk 1 in Aarhus<\/a><\/p>\n<p><a href=\"https:\/\/www.oodihelsinki.fi\/en\" target=\"_blank\" rel=\"noopener\">Bibliothek Oodi, Helsinki<\/a><\/p>\n<p><a href=\"https:\/\/www.dailyscandinavian.com\/new-oslo-public-library\/\" target=\"_blank\" rel=\"noopener\">Bericht<\/a> \u00fcber die neue Stadtbibliothek Oslo<\/p>\n<p><a href=\"https:\/\/www.bibliochur.ch\/\" target=\"_blank\" rel=\"noopener\">Stadtbibliothek Chur<\/a><\/p>\n<p><a href=\"https:\/\/www.stadtbibliothekbasel.ch\/de\/schmiedenhof.html\" target=\"_blank\" rel=\"noopener\">Stadtbibliothek Basel<\/a><\/p>\n<p><a href=\"http:\/\/www.neuebibliothek.ch\/\" target=\"_blank\" rel=\"noopener\">Neubaupl\u00e4ne Bibliotheken St. Gallen<\/a><\/p>\n<p><a href=\"https:\/\/www.bpb.de\/lernen\/digitale-bildung\/werkstatt\/283868\/sozialer-lernort-die-oeffentliche-bibliothek\" target=\"_blank\" rel=\"noopener\">Die Bundeszentrale f\u00fcr politische Bildung zur Bibliothek als Ort des Lernens und Austauschs<\/a><\/p>\n<p>Eine gute <a href=\"https:\/\/www.thurgaukultur.ch\/magazin\/4119\" target=\"_blank\" rel=\"noopener\">Zusammenfassung<\/a> der &#8222;modernen Bibliothek&#8220; von Bernhard Bertelmann, Kantonsbibliothek Thurgau<\/p>\n<p>Im Tagesspiegel: <a href=\"https:\/\/www.tagesspiegel.de\/wissen\/bibliotheken-im-21-jahrhundert-von-der-buecherei-zum-ideen-tempel\/20904142.html\" target=\"_blank\" rel=\"noopener\">Bibliotheken im 21. Jahrhundert<\/a><\/p>\n<p>Auf SWR: <a href=\"https:\/\/www.swr.de\/swr2\/literatur\/bibliothek-ohne-buecher,broadcastcontrib-swr-11488.html\" target=\"_blank\" rel=\"noopener\">Radiobeitrag zur modernen Bibliothek<\/a><\/p>\n<p>[\/et_pb_text][\/et_pb_column][\/et_pb_row][\/et_pb_section]<\/p>\n","protected":false},"excerpt":{"rendered":"<p>AusgangslageDie Bibliotheken Schaffhausen sind sehr erfolgreich &#8211; stetig steigende Ausleihzahlen, gut belegte Lesepl\u00e4tze, vielbesuchte Veranstaltungen und zahlreiche F\u00fchrungen belegen dies.\u00a0 Inzwischen ist die Kapazit\u00e4tsgrenze in der Agnesensch\u00fctte erreicht. Es fehlt [&hellip;]<\/p>\n","protected":false},"author":3,"featured_media":0,"parent":2116,"menu_order":0,"comment_status":"closed","ping_status":"closed","template":"","meta":{"_et_pb_use_builder":"on","_et_pb_old_content":"<p>Inhalt ist noch offen<\/p>","_et_gb_content_width":""},"ticketed":false,"_links":{"self":[{"href":"https:\/\/staging-biblio.appmanufacture.ch\/index.php?rest_route=\/wp\/v2\/pages\/2920"}],"collection":[{"href":"https:\/\/staging-biblio.appmanufacture.ch\/index.php?rest_route=\/wp\/v2\/pages"}],"about":[{"href":"https:\/\/staging-biblio.appmanufacture.ch\/index.php?rest_route=\/wp\/v2\/types\/page"}],"author":[{"embeddable":true,"href":"https:\/\/staging-biblio.appmanufacture.ch\/index.php?rest_route=\/wp\/v2\/users\/3"}],"replies":[{"embeddable":true,"href":"https:\/\/staging-biblio.appmanufacture.ch\/index.php?rest_route=%2Fwp%2Fv2%2Fcomments&post=2920"}],"version-history":[{"count":112,"href":"https:\/\/staging-biblio.appmanufacture.ch\/index.php?rest_route=\/wp\/v2\/pages\/2920\/revisions"}],"predecessor-version":[{"id":6457,"href":"https:\/\/staging-biblio.appmanufacture.ch\/index.php?rest_route=\/wp\/v2\/pages\/2920\/revisions\/6457"}],"up":[{"embeddable":true,"href":"https:\/\/staging-biblio.appmanufacture.ch\/index.php?rest_route=\/wp\/v2\/pages\/2116"}],"wp:attachment":[{"href":"https:\/\/staging-biblio.appmanufacture.ch\/index.php?rest_route=%2Fwp%2Fv2%2Fmedia&parent=2920"}],"curies":[{"name":"wp","href":"https:\/\/api.w.org\/{rel}","templated":true}]}}